{"id":930,"date":"2019-11-06T15:10:31","date_gmt":"2019-11-06T14:10:31","guid":{"rendered":"http:\/\/forumaerospace.com\/rejestracja\/"},"modified":"2023-10-20T17:34:09","modified_gmt":"2023-10-20T15:34:09","slug":"rejestracja","status":"publish","type":"page","link":"https:\/\/forumaerospace.com\/pl\/rejestracja\/","title":{"rendered":"Rejestracja"},"content":{"rendered":"<p>[et_pb_section fb_built=&#8221;1&#8243; fullwidth=&#8221;on&#8221; disabled_on=&#8221;off|off|off&#8221; admin_label=&#8221;Header&#8221; _builder_version=&#8221;4.16&#8243; background_image=&#8221;https:\/\/forumaerospace.com\/wp-content\/uploads\/2019\/04\/meetup-02.jpg&#8221; parallax=&#8221;on&#8221; custom_padding=&#8221;|||&#8221; animation_style=&#8221;slide&#8221; animation_direction=&#8221;top&#8221; animation_intensity_slide=&#8221;2%&#8221; global_colors_info=&#8221;{}&#8221;][et_pb_fullwidth_header title=&#8221;Rejestracja &#8221; button_one_url=&#8221;#registration&#8221; background_overlay_color=&#8221;rgba(255,255,255,0.6)&#8221; content_max_width=&#8221;700px&#8221; content_max_width_tablet=&#8221;100%&#8221; content_max_width_phone=&#8221;&#8221; content_max_width_last_edited=&#8221;on|desktop&#8221; _builder_version=&#8221;4.22.2&#8243; title_font=&#8221;|300|||||||&#8221; title_font_size=&#8221;60px&#8221; title_line_height=&#8221;1.4em&#8221; content_font=&#8221;|600|||||||&#8221; content_font_size=&#8221;17px&#8221; content_line_height=&#8221;1.9em&#8221; subhead_font=&#8221;|600|||||||&#8221; subhead_text_color=&#8221;#d4af37&#8243; subhead_font_size=&#8221;20px&#8221; subhead_line_height=&#8221;1.8em&#8221; background_color=&#8221;rgba(255,255,255,0.3)&#8221; background_image=&#8221;https:\/\/forumaerospace.com\/wp-content\/uploads\/2019\/03\/dots-3.png&#8221; custom_button_one=&#8221;on&#8221; button_one_text_size=&#8221;14px&#8221; button_one_text_color=&#8221;#ffffff&#8221; button_one_bg_color=&#8221;#d4af37&#8243; button_one_bg_color_gradient_direction=&#8221;90deg&#8221; button_one_bg_color_gradient_stops=&#8221;#d883f8 0%|#352DBE 100%&#8221; button_one_bg_color_gradient_start=&#8221;#d883f8&#8243; button_one_bg_color_gradient_end=&#8221;#352DBE&#8221; button_one_border_width=&#8221;10px&#8221; button_one_border_color=&#8221;rgba(0,0,0,0)&#8221; button_one_border_radius=&#8221;100px&#8221; button_one_letter_spacing=&#8221;3px&#8221; button_one_font=&#8221;Roboto|700||on|||||&#8221; custom_button_two=&#8221;on&#8221; button_two_text_size=&#8221;14px&#8221; button_two_text_color=&#8221;#ffffff&#8221; button_two_bg_color=&#8221;#06c8ff&#8221; button_two_border_width=&#8221;10px&#8221; button_two_border_color=&#8221;rgba(0,0,0,0)&#8221; button_two_border_radius=&#8221;100px&#8221; button_two_letter_spacing=&#8221;3px&#8221; button_two_font=&#8221;Roboto|700||on|||||&#8221; background_layout=&#8221;light&#8221; custom_margin=&#8221;||||false&#8221; custom_padding=&#8221;8vw||8vw||true&#8221; custom_padding_tablet=&#8221;250px||250px||true&#8221; custom_padding_last_edited=&#8221;off|desktop&#8221; hover_enabled=&#8221;0&#8243; title_font_size_tablet=&#8221;40px&#8221; title_font_size_phone=&#8221;32px&#8221; title_font_size_last_edited=&#8221;on|desktop&#8221; button_one_text_color_hover=&#8221;#ffffff&#8221; button_two_text_color_hover=&#8221;#ffffff&#8221; button_one_letter_spacing_hover=&#8221;3px&#8221; button_two_letter_spacing_hover=&#8221;3px&#8221; global_colors_info=&#8221;{}&#8221; button_one_text_size__hover_enabled=&#8221;off&#8221; button_two_text_size__hover_enabled=&#8221;off&#8221; button_one_text_color__hover_enabled=&#8221;on&#8221; button_one_text_color__hover=&#8221;#ffffff&#8221; button_two_text_color__hover_enabled=&#8221;on&#8221; button_two_text_color__hover=&#8221;#ffffff&#8221; button_one_border_width__hover_enabled=&#8221;off&#8221; button_two_border_width__hover_enabled=&#8221;off&#8221; button_one_border_color__hover_enabled=&#8221;off&#8221; button_two_border_color__hover_enabled=&#8221;off&#8221; button_one_border_radius__hover_enabled=&#8221;off&#8221; button_two_border_radius__hover_enabled=&#8221;off&#8221; button_one_letter_spacing__hover_enabled=&#8221;on&#8221; button_one_letter_spacing__hover=&#8221;3px&#8221; button_two_letter_spacing__hover_enabled=&#8221;on&#8221; button_two_letter_spacing__hover=&#8221;3px&#8221; button_one_bg_color__hover_enabled=&#8221;off&#8221; button_two_bg_color__hover_enabled=&#8221;off&#8221; sticky_enabled=&#8221;0&#8243;]<\/p>\n<p><strong>Plese refer to the English version of the website available at the link: <a href=\"https:\/\/forumaerospace.com\/\" target=\"_blank\" rel=\"noopener\">https:\/\/forumaerospace.com\/<\/a><\/strong><\/p>\n<p>[\/et_pb_fullwidth_header][\/et_pb_section][et_pb_section fb_built=&#8221;1&#8243; admin_label=&#8221;Contact&#8221; _builder_version=&#8221;4.16&#8243; use_background_color_gradient=&#8221;on&#8221; background_color_gradient_stops=&#8221;#000000 0%|#6f9ad9 100%&#8221; background_color_gradient_start=&#8221;#000000&#8243; background_color_gradient_end=&#8221;#6f9ad9&#8243; background_image=&#8221;https:\/\/forumaerospace.com\/wp-content\/uploads\/2019\/03\/dots-2.png&#8221; parallax=&#8221;on&#8221; custom_margin=&#8221;|||&#8221; custom_padding=&#8221;80px||80px||true|false&#8221; global_colors_info=&#8221;{}&#8221;][et_pb_row column_structure=&#8221;1_2,1_2&#8243; _builder_version=&#8221;4.16&#8243; global_module=&#8221;1540&#8243; saved_tabs=&#8221;all&#8221; locked=&#8221;off&#8221; global_colors_info=&#8221;{}&#8221;][et_pb_column type=&#8221;1_2&#8243; _builder_version=&#8221;4.16&#8243; custom_padding=&#8221;|||&#8221; global_colors_info=&#8221;{}&#8221; custom_padding__hover=&#8221;|||&#8221;][et_pb_text _builder_version=&#8221;4.18.0&#8243; text_font=&#8221;||||||||&#8221; text_font_size=&#8221;16px&#8221; text_line_height=&#8221;1.9em&#8221; link_font=&#8221;||||||||&#8221; link_text_color=&#8221;#ffffff&#8221; header_font=&#8221;||||||||&#8221; header_2_font=&#8221;|300|||||||&#8221; header_2_font_size=&#8221;50px&#8221; header_2_line_height=&#8221;1.2em&#8221; background_layout=&#8221;dark&#8221; header_2_font_size_tablet=&#8221;40px&#8221; header_2_font_size_phone=&#8221;32px&#8221; header_2_font_size_last_edited=&#8221;on|phone&#8221; locked=&#8221;off&#8221; global_colors_info=&#8221;{}&#8221;]<\/p>\n<h2>Skontaktuj si\u0119 z nami<\/h2>\n<p><span>W razie jakichkolwiek pyta\u0144 mo\u017cna si\u0119 z nami skontaktowa\u0107 bezpo\u015brednio lub skorzysta\u0107 z<br \/>\nformularza by wys\u0142a\u0107 wiadomo\u015b\u0107.<\/span><\/p>\n<p><strong>Joanna Gog\u00f3\u0142ka<\/strong><br \/>\n<span>mail:<\/span><span>\u00a0<\/span><a href=\"mailto:joanna.gogolka@cciip.pl\" class=\"keychainify-checked\">joanna.gogolka@cciip.pl<br \/>\n<\/a><span>tel.: +48 660 765 725<\/span>[\/et_pb_text][\/et_pb_column][et_pb_column type=&#8221;1_2&#8243; _builder_version=&#8221;4.16&#8243; custom_padding=&#8221;|||&#8221; global_colors_info=&#8221;{}&#8221; custom_padding__hover=&#8221;|||&#8221;][et_pb_contact_form use_spam_service=&#8221;on&#8221; recaptcha_list=&#8221;forumaerospacecom|forumaerospacecom-0&#8243; email=&#8221;joanna.gogolka@cciip.pl&#8221; custom_message=&#8221;Nowa wiadomo\u015b\u0107 ws. Aerospace forum (abstrakt)||et_pb_line_break_holder||||et_pb_line_break_holder||%%Name%%||et_pb_line_break_holder||%%company%%||et_pb_line_break_holder||%%Email%%||et_pb_line_break_holder||%%message%%||et_pb_line_break_holder||%%consent%%&#8221; success_message=&#8221;Dzi\u0119kujemy za przes\u0142anie danych kontaktowych. Skontaktujemy si\u0119 wkr\u00f3tce.&#8221; submit_button_text=&#8221;Wy\u015blij &#8221; module_id=&#8221;et_pb_contact_form_0&#8243; _builder_version=&#8221;4.18.0&#8243; _unique_id=&#8221;5f0dec37-2a10-42e4-b858-f8dc9750c0f5&#8243; form_field_background_color=&#8221;rgba(255,255,255,0.16)&#8221; form_field_text_color=&#8221;#ffffff&#8221; title_level=&#8221;h2&#8243; title_font=&#8221;Roboto|300|||||||&#8221; title_text_color=&#8221;#ffffff&#8221; title_font_size=&#8221;50px&#8221; title_line_height=&#8221;1.4em&#8221; form_field_font=&#8221;||||||||&#8221; form_field_font_size=&#8221;20px&#8221; custom_button=&#8221;on&#8221; button_text_size=&#8221;14px&#8221; button_text_color=&#8221;#6f9ad9&#8243; button_bg_color=&#8221;#ffffff&#8221; button_border_width=&#8221;10px&#8221; button_border_color=&#8221;rgba(0,0,0,0)&#8221; button_border_radius=&#8221;100px&#8221; button_letter_spacing=&#8221;3px&#8221; button_font=&#8221;Roboto|700||on|||||&#8221; title_font_size_tablet=&#8221;40px&#8221; title_font_size_phone=&#8221;32px&#8221; title_font_size_last_edited=&#8221;on|phone&#8221; form_background_color=&#8221;rgba(255,255,255,0.16)&#8221; locked=&#8221;off&#8221; global_colors_info=&#8221;{}&#8221;][et_pb_contact_field field_id=&#8221;Name&#8221; field_title=&#8221;Imi\u0119 i nazwisko&#8221; fullwidth_field=&#8221;on&#8221; _builder_version=&#8221;4.16&#8243; form_field_text_color=&#8221;#ffffff&#8221; form_field_font_size=&#8221;16px&#8221; border_color_all=&#8221;#ffffff&#8221; global_colors_info=&#8221;{}&#8221; button_text_size__hover_enabled=&#8221;off&#8221; button_one_text_size__hover_enabled=&#8221;off&#8221; button_two_text_size__hover_enabled=&#8221;off&#8221; button_text_color__hover_enabled=&#8221;off&#8221; button_one_text_color__hover_enabled=&#8221;off&#8221; button_two_text_color__hover_enabled=&#8221;off&#8221; button_border_width__hover_enabled=&#8221;off&#8221; button_one_border_width__hover_enabled=&#8221;off&#8221; button_two_border_width__hover_enabled=&#8221;off&#8221; button_border_color__hover_enabled=&#8221;off&#8221; button_one_border_color__hover_enabled=&#8221;off&#8221; button_two_border_color__hover_enabled=&#8221;off&#8221; button_border_radius__hover_enabled=&#8221;off&#8221; button_one_border_radius__hover_enabled=&#8221;off&#8221; button_two_border_radius__hover_enabled=&#8221;off&#8221; button_letter_spacing__hover_enabled=&#8221;off&#8221; button_one_letter_spacing__hover_enabled=&#8221;off&#8221; button_two_letter_spacing__hover_enabled=&#8221;off&#8221; button_bg_color__hover_enabled=&#8221;off&#8221; button_one_bg_color__hover_enabled=&#8221;off&#8221; button_two_bg_color__hover_enabled=&#8221;off&#8221;][\/et_pb_contact_field][et_pb_contact_field field_id=&#8221;company&#8221; field_title=&#8221;Nazwa firmy&#8221; fullwidth_field=&#8221;on&#8221; _builder_version=&#8221;4.16&#8243; form_field_font_size=&#8221;16px&#8221; global_colors_info=&#8221;{}&#8221;][\/et_pb_contact_field][et_pb_contact_field field_id=&#8221;Email&#8221; field_title=&#8221;Adres e-mail&#8221; fullwidth_field=&#8221;on&#8221; _builder_version=&#8221;4.16&#8243; form_field_text_color=&#8221;#ffffff&#8221; form_field_font_size=&#8221;16px&#8221; border_color_all=&#8221;#ffffff&#8221; global_colors_info=&#8221;{}&#8221; button_text_size__hover_enabled=&#8221;off&#8221; button_one_text_size__hover_enabled=&#8221;off&#8221; button_two_text_size__hover_enabled=&#8221;off&#8221; button_text_color__hover_enabled=&#8221;off&#8221; button_one_text_color__hover_enabled=&#8221;off&#8221; button_two_text_color__hover_enabled=&#8221;off&#8221; button_border_width__hover_enabled=&#8221;off&#8221; button_one_border_width__hover_enabled=&#8221;off&#8221; button_two_border_width__hover_enabled=&#8221;off&#8221; button_border_color__hover_enabled=&#8221;off&#8221; button_one_border_color__hover_enabled=&#8221;off&#8221; button_two_border_color__hover_enabled=&#8221;off&#8221; button_border_radius__hover_enabled=&#8221;off&#8221; button_one_border_radius__hover_enabled=&#8221;off&#8221; button_two_border_radius__hover_enabled=&#8221;off&#8221; button_letter_spacing__hover_enabled=&#8221;off&#8221; button_one_letter_spacing__hover_enabled=&#8221;off&#8221; button_two_letter_spacing__hover_enabled=&#8221;off&#8221; button_bg_color__hover_enabled=&#8221;off&#8221; button_one_bg_color__hover_enabled=&#8221;off&#8221; button_two_bg_color__hover_enabled=&#8221;off&#8221;][\/et_pb_contact_field][et_pb_contact_field field_id=&#8221;message&#8221; field_title=&#8221;Wiadomo\u015b\u0107&#8221; field_type=&#8221;text&#8221; fullwidth_field=&#8221;on&#8221; _builder_version=&#8221;4.16&#8243; global_colors_info=&#8221;{}&#8221;][\/et_pb_contact_field][et_pb_contact_field field_id=&#8221;consent&#8221; field_title=&#8221; &#8221; field_type=&#8221;checkbox&#8221; checkbox_options=&#8221;%91{%22value%22:%22Wyra\u017cam zgod\u0119 na przetwarzanie moich danych osobowych w celach kontaktowych przez W\u0142osk\u0105 Izb\u0119 Przemys\u0142owo-Handlow\u0105 w Polsce, ul. Pa\u0144ska 98\/9, 00-837 Warszawa, zgodnie z Rozporz\u0105dzeniem Parlamentu Europejskiego i Rady (UE) 2016\/679 z dnia 27 kwietnia 2016 r. oraz ustaw\u0105 z dnia 16 lipca 2004 r.- prawo telekomunikacyjne. Wyra\u017cenie zgody jest dobrowolne. Mam prawo do wycofania zgody w dowolnym momencie. Mam prawo dost\u0119pu do danych, sprostowania, usuni\u0119cia lub ograniczenia przetwarzania, prawo do wniesienia sprzeciwu, prawo do wniesienia skargi do organu nadzorczego lub prawo do przenoszenia danych. Administratorem jest W\u0142oska Izba Przemys\u0142owo-Handlowa w Polsce z siedzib\u0105 w Warszawie, ul. Pa\u0144ska 98\/9 00-837 Warszawa.%22,%22checked%22:0,%22dragID%22:-1}%93&#8243; fullwidth_field=&#8221;on&#8221; _builder_version=&#8221;4.18.0&#8243; form_field_font_size=&#8221;14px&#8221; form_field_line_height=&#8221;1.2em&#8221; global_colors_info=&#8221;{}&#8221;][\/et_pb_contact_field][\/et_pb_contact_form][\/et_pb_column][\/et_pb_row][\/et_pb_section]<\/p>\n","protected":false},"excerpt":{"rendered":"<p>Plese refer to the English version of the website available at the link: https:\/\/forumaerospace.com\/Skontaktuj si\u0119 z nami W razie jakichkolwiek pyta\u0144 mo\u017cna si\u0119 z nami skontaktowa\u0107 bezpo\u015brednio lub skorzysta\u0107 z formularza by wys\u0142a\u0107 wiadomo\u015b\u0107. Joanna Gog\u00f3\u0142ka mail:\u00a0joanna.gogolka@cciip.pl tel.: +48 660 765 725<\/p>\n","protected":false},"author":2,"featured_media":0,"parent":0,"menu_order":0,"comment_status":"closed","ping_status":"closed","template":"","meta":{"_acf_changed":false,"_et_pb_use_builder":"on","_et_pb_old_content":"","_et_gb_content_width":"","footnotes":""},"class_list":["post-930","page","type-page","status-publish","hentry"],"acf":[],"yoast_head":"<!-- This site is optimized with the Yoast SEO plugin v25.6 - https:\/\/yoast.com\/wordpress\/plugins\/seo\/ -->\n<title>Rejestracja - Aerospace forum<\/title>\n<meta name=\"robots\" content=\"index, follow, max-snippet:-1, max-image-preview:large, max-video-preview:-1\" \/>\n<link rel=\"canonical\" href=\"https:\/\/forumaerospace.com\/pl\/rejestracja\/\" \/>\n<meta property=\"og:locale\" content=\"pl_PL\" \/>\n<meta property=\"og:type\" content=\"article\" \/>\n<meta property=\"og:title\" content=\"Rejestracja - Aerospace forum\" \/>\n<meta property=\"og:description\" content=\"Plese refer to the English version of the website available at the link: https:\/\/forumaerospace.com\/Skontaktuj si\u0119 z nami W razie jakichkolwiek pyta\u0144 mo\u017cna si\u0119 z nami skontaktowa\u0107 bezpo\u015brednio lub skorzysta\u0107 z formularza by wys\u0142a\u0107 wiadomo\u015b\u0107. Joanna Gog\u00f3\u0142ka mail:\u00a0joanna.gogolka@cciip.pl tel.: +48 660 765 725\" \/>\n<meta property=\"og:url\" content=\"https:\/\/forumaerospace.com\/pl\/rejestracja\/\" \/>\n<meta property=\"og:site_name\" content=\"Aerospace forum\" \/>\n<meta property=\"article:modified_time\" content=\"2023-10-20T15:34:09+00:00\" \/>\n<meta name=\"twitter:card\" content=\"summary_large_image\" \/>\n<meta name=\"twitter:label1\" content=\"Szacowany czas czytania\" \/>\n\t<meta name=\"twitter:data1\" content=\"7 minut\" \/>\n<script type=\"application\/ld+json\" class=\"yoast-schema-graph\">{\"@context\":\"https:\/\/schema.org\",\"@graph\":[{\"@type\":\"WebPage\",\"@id\":\"https:\/\/forumaerospace.com\/pl\/rejestracja\/\",\"url\":\"https:\/\/forumaerospace.com\/pl\/rejestracja\/\",\"name\":\"Rejestracja - Aerospace forum\",\"isPartOf\":{\"@id\":\"https:\/\/forumaerospace.com\/#website\"},\"datePublished\":\"2019-11-06T14:10:31+00:00\",\"dateModified\":\"2023-10-20T15:34:09+00:00\",\"breadcrumb\":{\"@id\":\"https:\/\/forumaerospace.com\/pl\/rejestracja\/#breadcrumb\"},\"inLanguage\":\"pl-PL\",\"potentialAction\":[{\"@type\":\"ReadAction\",\"target\":[\"https:\/\/forumaerospace.com\/pl\/rejestracja\/\"]}]},{\"@type\":\"BreadcrumbList\",\"@id\":\"https:\/\/forumaerospace.com\/pl\/rejestracja\/#breadcrumb\",\"itemListElement\":[{\"@type\":\"ListItem\",\"position\":1,\"name\":\"Strona g\u0142\u00f3wna\",\"item\":\"https:\/\/forumaerospace.com\/pl\/\"},{\"@type\":\"ListItem\",\"position\":2,\"name\":\"Rejestracja\"}]},{\"@type\":\"WebSite\",\"@id\":\"https:\/\/forumaerospace.com\/#website\",\"url\":\"https:\/\/forumaerospace.com\/\",\"name\":\"Aerospace forum\",\"description\":\"The most important event about the scientific and business cooperation between Italy and Poland in the Aerospace sector!\",\"publisher\":{\"@id\":\"https:\/\/forumaerospace.com\/#organization\"},\"potentialAction\":[{\"@type\":\"SearchAction\",\"target\":{\"@type\":\"EntryPoint\",\"urlTemplate\":\"https:\/\/forumaerospace.com\/?s={search_term_string}\"},\"query-input\":{\"@type\":\"PropertyValueSpecification\",\"valueRequired\":true,\"valueName\":\"search_term_string\"}}],\"inLanguage\":\"pl-PL\"},{\"@type\":\"Organization\",\"@id\":\"https:\/\/forumaerospace.com\/#organization\",\"name\":\"Italian-Polish Aerospace Forum\",\"url\":\"https:\/\/forumaerospace.com\/\",\"logo\":{\"@type\":\"ImageObject\",\"inLanguage\":\"pl-PL\",\"@id\":\"https:\/\/forumaerospace.com\/#\/schema\/logo\/image\/\",\"url\":\"https:\/\/forumaerospace.com\/wp-content\/uploads\/2019\/10\/color.png\",\"contentUrl\":\"https:\/\/forumaerospace.com\/wp-content\/uploads\/2019\/10\/color.png\",\"width\":1200,\"height\":272,\"caption\":\"Italian-Polish Aerospace Forum\"},\"image\":{\"@id\":\"https:\/\/forumaerospace.com\/#\/schema\/logo\/image\/\"}}]}<\/script>\n<!-- \/ Yoast SEO plugin. -->","yoast_head_json":{"title":"Rejestracja - Aerospace forum","robots":{"index":"index","follow":"follow","max-snippet":"max-snippet:-1","max-image-preview":"max-image-preview:large","max-video-preview":"max-video-preview:-1"},"canonical":"https:\/\/forumaerospace.com\/pl\/rejestracja\/","og_locale":"pl_PL","og_type":"article","og_title":"Rejestracja - Aerospace forum","og_description":"Plese refer to the English version of the website available at the link: https:\/\/forumaerospace.com\/Skontaktuj si\u0119 z nami W razie jakichkolwiek pyta\u0144 mo\u017cna si\u0119 z nami skontaktowa\u0107 bezpo\u015brednio lub skorzysta\u0107 z formularza by wys\u0142a\u0107 wiadomo\u015b\u0107. Joanna Gog\u00f3\u0142ka mail:\u00a0joanna.gogolka@cciip.pl tel.: +48 660 765 725","og_url":"https:\/\/forumaerospace.com\/pl\/rejestracja\/","og_site_name":"Aerospace forum","article_modified_time":"2023-10-20T15:34:09+00:00","twitter_card":"summary_large_image","twitter_misc":{"Szacowany czas czytania":"7 minut"},"schema":{"@context":"https:\/\/schema.org","@graph":[{"@type":"WebPage","@id":"https:\/\/forumaerospace.com\/pl\/rejestracja\/","url":"https:\/\/forumaerospace.com\/pl\/rejestracja\/","name":"Rejestracja - Aerospace forum","isPartOf":{"@id":"https:\/\/forumaerospace.com\/#website"},"datePublished":"2019-11-06T14:10:31+00:00","dateModified":"2023-10-20T15:34:09+00:00","breadcrumb":{"@id":"https:\/\/forumaerospace.com\/pl\/rejestracja\/#breadcrumb"},"inLanguage":"pl-PL","potentialAction":[{"@type":"ReadAction","target":["https:\/\/forumaerospace.com\/pl\/rejestracja\/"]}]},{"@type":"BreadcrumbList","@id":"https:\/\/forumaerospace.com\/pl\/rejestracja\/#breadcrumb","itemListElement":[{"@type":"ListItem","position":1,"name":"Strona g\u0142\u00f3wna","item":"https:\/\/forumaerospace.com\/pl\/"},{"@type":"ListItem","position":2,"name":"Rejestracja"}]},{"@type":"WebSite","@id":"https:\/\/forumaerospace.com\/#website","url":"https:\/\/forumaerospace.com\/","name":"Aerospace forum","description":"The most important event about the scientific and business cooperation between Italy and Poland in the Aerospace sector!","publisher":{"@id":"https:\/\/forumaerospace.com\/#organization"},"potentialAction":[{"@type":"SearchAction","target":{"@type":"EntryPoint","urlTemplate":"https:\/\/forumaerospace.com\/?s={search_term_string}"},"query-input":{"@type":"PropertyValueSpecification","valueRequired":true,"valueName":"search_term_string"}}],"inLanguage":"pl-PL"},{"@type":"Organization","@id":"https:\/\/forumaerospace.com\/#organization","name":"Italian-Polish Aerospace Forum","url":"https:\/\/forumaerospace.com\/","logo":{"@type":"ImageObject","inLanguage":"pl-PL","@id":"https:\/\/forumaerospace.com\/#\/schema\/logo\/image\/","url":"https:\/\/forumaerospace.com\/wp-content\/uploads\/2019\/10\/color.png","contentUrl":"https:\/\/forumaerospace.com\/wp-content\/uploads\/2019\/10\/color.png","width":1200,"height":272,"caption":"Italian-Polish Aerospace Forum"},"image":{"@id":"https:\/\/forumaerospace.com\/#\/schema\/logo\/image\/"}}]}},"_links":{"self":[{"href":"https:\/\/forumaerospace.com\/pl\/wp-json\/wp\/v2\/pages\/930","targetHints":{"allow":["GET"]}}],"collection":[{"href":"https:\/\/forumaerospace.com\/pl\/wp-json\/wp\/v2\/pages"}],"about":[{"href":"https:\/\/forumaerospace.com\/pl\/wp-json\/wp\/v2\/types\/page"}],"author":[{"embeddable":true,"href":"https:\/\/forumaerospace.com\/pl\/wp-json\/wp\/v2\/users\/2"}],"replies":[{"embeddable":true,"href":"https:\/\/forumaerospace.com\/pl\/wp-json\/wp\/v2\/comments?post=930"}],"version-history":[{"count":31,"href":"https:\/\/forumaerospace.com\/pl\/wp-json\/wp\/v2\/pages\/930\/revisions"}],"predecessor-version":[{"id":1607,"href":"https:\/\/forumaerospace.com\/pl\/wp-json\/wp\/v2\/pages\/930\/revisions\/1607"}],"wp:attachment":[{"href":"https:\/\/forumaerospace.com\/pl\/wp-json\/wp\/v2\/media?parent=930"}],"curies":[{"name":"wp","href":"https:\/\/api.w.org\/{rel}","templated":true}]}}